{"id":1937,"date":"2021-09-02T16:56:09","date_gmt":"2021-09-02T14:56:09","guid":{"rendered":"https:\/\/www.vinitonon.it\/informativa\/"},"modified":"2024-11-28T12:03:02","modified_gmt":"2024-11-28T11:03:02","slug":"informativa","status":"publish","type":"page","link":"https:\/\/vinitonon.it\/de\/informativa\/","title":{"rendered":"Informativa"},"content":{"rendered":"\t\t<div data-elementor-type=\"wp-page\" data-elementor-id=\"1937\" class=\"elementor elementor-1937 elementor-1900\" data-elementor-post-type=\"page\">\n\t\t\t\t\t\t<section class=\"elementor-section elementor-top-section elementor-element elementor-element-ca1c155 elementor-section-full_width elementor-section-height-min-height elementor-section-content-bottom elementor-hidden-tablet elementor-hidden-mobile elementor-section-height-default elementor-section-items-middle\" data-id=\"ca1c155\" data-element_type=\"section\" data-e-type=\"section\" data-settings=\"{&quot;background_background&quot;:&quot;classic&quot;}\">\n\t\t\t\t\t\t<div class=\"elementor-container elementor-column-gap-no\">\n\t\t\t\t\t<div class=\"elementor-column elementor-col-100 elementor-top-column elementor-element elementor-element-f51ea5f\" data-id=\"f51ea5f\" data-element_type=\"column\" data-e-type=\"column\">\n\t\t\t<div class=\"elementor-widget-wrap elementor-element-populated\">\n\t\t\t\t\t\t<section class=\"elementor-section elementor-inner-section elementor-element elementor-element-9c5c874 elementor-section-content-bottom elementor-section-boxed elementor-section-height-default elementor-section-height-default\" data-id=\"9c5c874\" data-element_type=\"section\" data-e-type=\"section\">\n\t\t\t\t\t\t<div class=\"elementor-container elementor-column-gap-default\">\n\t\t\t\t\t<div class=\"elementor-column elementor-col-50 elementor-inner-column elementor-element elementor-element-a341f59\" data-id=\"a341f59\" data-element_type=\"column\" data-e-type=\"column\">\n\t\t\t<div class=\"elementor-widget-wrap elementor-element-populated\">\n\t\t\t\t\t\t<div class=\"elementor-element elementor-element-be9dc50 lingue elementor-absolute elementor-widget elementor-widget-wpml-language-switcher\" data-id=\"be9dc50\" data-element_type=\"widget\" data-e-type=\"widget\" data-settings=\"{&quot;_position&quot;:&quot;absolute&quot;}\" data-widget_type=\"wpml-language-switcher.default\">\n\t\t\t\t<div class=\"elementor-widget-container\">\n\t\t\t\t\t<div class=\"wpml-elementor-ls\">\n<div role=\"navigation\" aria-label=\"Sprachwechsler\" class=\"wpml-ls-statics-shortcode_actions wpml-ls wpml-ls-legacy-list-horizontal\">\n\t<ul><li class=\"wpml-ls-slot-shortcode_actions wpml-ls-item wpml-ls-item-it wpml-ls-first-item wpml-ls-item-legacy-list-horizontal\">\n\t\t\t\t<a href=\"https:\/\/vinitonon.it\/\" hreflang=\"it\" lang=\"it\" class=\"wpml-ls-link\" aria-label=\"Wechseln zu IT\" title=\"Wechseln zu IT\">\n\t\t\t\t\t<span class=\"wpml-ls-display\">IT<\/span><\/a>\n\t\t\t<\/li><li class=\"wpml-ls-slot-shortcode_actions wpml-ls-item wpml-ls-item-en wpml-ls-item-legacy-list-horizontal\">\n\t\t\t\t<a href=\"https:\/\/vinitonon.it\/en\/\" hreflang=\"en\" lang=\"en\" class=\"wpml-ls-link\" aria-label=\"Wechseln zu EN\" title=\"Wechseln zu EN\">\n\t\t\t\t\t<span class=\"wpml-ls-display\">EN<\/span><\/a>\n\t\t\t<\/li><li class=\"wpml-ls-slot-shortcode_actions wpml-ls-item wpml-ls-item-de wpml-ls-current-language wpml-ls-last-item wpml-ls-item-legacy-list-horizontal\">\n\t\t\t\t<a href=\"https:\/\/vinitonon.it\/de\/\" hreflang=\"de\" lang=\"de\" class=\"wpml-ls-link\" aria-current=\"page\" aria-label=\"Wechseln zu DE\" title=\"Wechseln zu DE\">\n\t\t\t\t\t<span class=\"wpml-ls-native\">DE<\/span><\/a>\n\t\t\t<\/li><\/ul>\n<\/div>\n<\/div>\t\t\t\t<\/div>\n\t\t\t\t<\/div>\n\t\t\t\t\t<\/div>\n\t\t<\/div>\n\t\t\t\t<div class=\"elementor-column elementor-col-50 elementor-inner-column elementor-element elementor-element-5937d88\" data-id=\"5937d88\" data-element_type=\"column\" data-e-type=\"column\">\n\t\t\t<div class=\"elementor-widget-wrap elementor-element-populated\">\n\t\t\t\t\t\t<div class=\"elementor-element elementor-element-2a32499 elementor-invisible elementor-widget elementor-widget-heading\" data-id=\"2a32499\" data-element_type=\"widget\" data-e-type=\"widget\" data-settings=\"{&quot;_animation&quot;:&quot;fadeInLeft&quot;}\" data-widget_type=\"heading.default\">\n\t\t\t\t<div class=\"elementor-widget-container\">\n\t\t\t\t\t<h1 class=\"elementor-heading-title elementor-size-default\">Informativa<\/h1>\t\t\t\t<\/div>\n\t\t\t\t<\/div>\n\t\t\t\t\t<\/div>\n\t\t<\/div>\n\t\t\t\t\t<\/div>\n\t\t<\/section>\n\t\t\t\t\t<\/div>\n\t\t<\/div>\n\t\t\t\t\t<\/div>\n\t\t<\/section>\n\t\t\t\t<section class=\"elementor-section elementor-top-section elementor-element elementor-element-f8bebd8 elementor-hidden-desktop elementor-section-boxed elementor-section-height-default elementor-section-height-default\" data-id=\"f8bebd8\" data-element_type=\"section\" data-e-type=\"section\" data-settings=\"{&quot;background_background&quot;:&quot;classic&quot;}\">\n\t\t\t\t\t\t<div class=\"elementor-container elementor-column-gap-default\">\n\t\t\t\t\t<div class=\"elementor-column elementor-col-100 elementor-top-column elementor-element elementor-element-3486add\" data-id=\"3486add\" data-element_type=\"column\" data-e-type=\"column\">\n\t\t\t<div class=\"elementor-widget-wrap elementor-element-populated\">\n\t\t\t\t\t\t<div class=\"elementor-element elementor-element-a9ed93a elementor-widget elementor-widget-heading\" data-id=\"a9ed93a\" data-element_type=\"widget\" data-e-type=\"widget\" data-widget_type=\"heading.default\">\n\t\t\t\t<div class=\"elementor-widget-container\">\n\t\t\t\t\t<h2 class=\"elementor-heading-title elementor-size-default\">Informativa<\/h2>\t\t\t\t<\/div>\n\t\t\t\t<\/div>\n\t\t\t\t\t<\/div>\n\t\t<\/div>\n\t\t\t\t\t<\/div>\n\t\t<\/section>\n\t\t\t\t<section class=\"elementor-section elementor-top-section elementor-element elementor-element-8831ead elementor-section-height-min-height elementor-section-boxed elementor-section-height-default elementor-section-items-middle\" data-id=\"8831ead\" data-element_type=\"section\" data-e-type=\"section\">\n\t\t\t\t\t\t\t<div class=\"elementor-background-overlay\"><\/div>\n\t\t\t\t\t\t\t<div class=\"elementor-container elementor-column-gap-default\">\n\t\t\t\t\t<div class=\"elementor-column elementor-col-100 elementor-top-column elementor-element elementor-element-5628d58\" data-id=\"5628d58\" data-element_type=\"column\" data-e-type=\"column\">\n\t\t\t<div class=\"elementor-widget-wrap elementor-element-populated\">\n\t\t\t\t\t\t<div class=\"elementor-element elementor-element-277036d elementor-widget elementor-widget-text-editor\" data-id=\"277036d\" data-element_type=\"widget\" data-e-type=\"widget\" data-widget_type=\"text-editor.default\">\n\t\t\t\t<div class=\"elementor-widget-container\">\n\t\t\t\t\t\t\t\t\t<p><strong>Informationsschrift gem\u00e4\u00df Art. 13 der italienischen Gesetzesverordnung D.Lgs 196\/2003 und gem\u00e4\u00df den Artikeln 13-14 EU-Verordnung 2016\/679<\/strong><\/p>\n<p>Die durch das Ausf\u00fcllen dieses Formulars \u00fcbermittelten Daten werden auf Papier und elektronisch verarbeitet. Ihre Daten werden ausschlie\u00dflich zur Beantwortung Ihrer Anfrage verwendet. Die Bereitstellung der Daten und die Einwilligung zur Verarbeitung sind zwingend erforderlich, weil andernfalls keine E-Mail f\u00fcr die Kontaktanfrage versendet und beantwortet werden kann. Die von Ihnen zur Verf\u00fcgung gestellten Daten k\u00f6nnen mit Ihrer Einwilligung auch f\u00fcr den Versand von Informations- und Werbematerial oder f\u00fcr kommerzielle Mitteilungen \u00fcber neue Produkte oder Aktualisierungen und Neuigkeiten zu bereits existierenden Produkten verwendet werden. Die Bereitstellung von Daten hierf\u00fcr und \/ oder die Einwilligung zur Verarbeitung sind freiwillig und f\u00fchren nicht dazu, dass die angeforderte Leistung nicht erbracht werden kann. Die Daten werden von uns so lange aufbewahrt, wie es f\u00fcr die Verwaltung Ihrer Anfrage unbedingt erforderlich ist.<br \/>\nVerantwortlicher der Verarbeitung ist<\/p>\n<p><strong>https:\/\/vinitonon.it\/de\/<\/strong><\/p>\n<p>, an den Sie sich gem\u00e4\u00df Art. 7 der italienischen Gesetzesverordnung D.lgs 96\/2003 und gem\u00e4\u00df den Artikeln 15-22 EU-Verordnung 2016\/679 f\u00fcr die Aus\u00fcbung Ihrer Rechte wenden k\u00f6nnen. Die vollst\u00e4ndige Informationsschrift finden Sie unter dem\u00a0<u><a href=\"https:\/\/vinitonon.it\/de\/privacy-policy\/\" target=\"_blank\" rel=\"noopener\">link<\/a><\/u>\u00a0<em>(https:\/\/vinitonon.it\/de\/privacy-policy\/)<\/em><\/p>\n\t\t\t\t\t\t\t\t<\/div>\n\t\t\t\t<\/div>\n\t\t\t\t\t<\/div>\n\t\t<\/div>\n\t\t\t\t\t<\/div>\n\t\t<\/section>\n\t\t\t\t<\/div>\n\t\t","protected":false},"excerpt":{"rendered":"<p>IT EN DE Informationsschrift gem\u00e4\u00df Art. 13 der italienischen Gesetzesverordnung D.Lgs 196\/2003 und gem\u00e4\u00df den Artikeln 13-14 EU-Verordnung 2016\/679 Die durch das Ausf\u00fcllen dieses Formulars \u00fcbermittelten Daten werden auf Papier und elektronisch verarbeitet. Ihre Daten werden ausschlie\u00dflich zur Beantwortung Ihrer Anfrage verwendet. Die Bereitstellung der Daten und die Einwilligung zur Verarbeitung sind zwingend erforderlich, weil [&hellip;]<\/p>\n","protected":false},"author":1,"featured_media":0,"parent":0,"menu_order":0,"comment_status":"closed","ping_status":"closed","template":"elementor_header_footer","meta":{"ocean_post_layout":"","ocean_both_sidebars_style":"","ocean_both_sidebars_content_width":0,"ocean_both_sidebars_sidebars_width":0,"ocean_sidebar":"0","ocean_second_sidebar":"0","ocean_disable_margins":"enable","ocean_add_body_class":"","ocean_shortcode_before_top_bar":"","ocean_shortcode_after_top_bar":"","ocean_shortcode_before_header":"","ocean_shortcode_after_header":"","ocean_has_shortcode":"","ocean_shortcode_after_title":"","ocean_shortcode_before_footer_widgets":"","ocean_shortcode_after_footer_widgets":"","ocean_shortcode_before_footer_bottom":"","ocean_shortcode_after_footer_bottom":"","ocean_display_top_bar":"default","ocean_display_header":"default","ocean_header_style":"","ocean_center_header_left_menu":"0","ocean_custom_header_template":"0","ocean_custom_logo":0,"ocean_custom_retina_logo":0,"ocean_custom_logo_max_width":0,"ocean_custom_logo_tablet_max_width":0,"ocean_custom_logo_mobile_max_width":0,"ocean_custom_logo_max_height":0,"ocean_custom_logo_tablet_max_height":0,"ocean_custom_logo_mobile_max_height":0,"ocean_header_custom_menu":"0","ocean_menu_typo_font_family":"0","ocean_menu_typo_font_subset":"","ocean_menu_typo_font_size":0,"ocean_menu_typo_font_size_tablet":0,"ocean_menu_typo_font_size_mobile":0,"ocean_menu_typo_font_size_unit":"px","ocean_menu_typo_font_weight":"","ocean_menu_typo_font_weight_tablet":"","ocean_menu_typo_font_weight_mobile":"","ocean_menu_typo_transform":"","ocean_menu_typo_transform_tablet":"","ocean_menu_typo_transform_mobile":"","ocean_menu_typo_line_height":0,"ocean_menu_typo_line_height_tablet":0,"ocean_menu_typo_line_height_mobile":0,"ocean_menu_typo_line_height_unit":"","ocean_menu_typo_spacing":0,"ocean_menu_typo_spacing_tablet":0,"ocean_menu_typo_spacing_mobile":0,"ocean_menu_typo_spacing_unit":"","ocean_menu_link_color":"","ocean_menu_link_color_hover":"","ocean_menu_link_color_active":"","ocean_menu_link_background":"","ocean_menu_link_hover_background":"","ocean_menu_link_active_background":"","ocean_menu_social_links_bg":"","ocean_menu_social_hover_links_bg":"","ocean_menu_social_links_color":"","ocean_menu_social_hover_links_color":"","ocean_disable_title":"default","ocean_disable_heading":"default","ocean_post_title":"","ocean_post_subheading":"","ocean_post_title_style":"","ocean_post_title_background_color":"","ocean_post_title_background":0,"ocean_post_title_bg_image_position":"","ocean_post_title_bg_image_attachment":"","ocean_post_title_bg_image_repeat":"","ocean_post_title_bg_image_size":"","ocean_post_title_height":0,"ocean_post_title_bg_overlay":0.5,"ocean_post_title_bg_overlay_color":"","ocean_disable_breadcrumbs":"default","ocean_breadcrumbs_color":"","ocean_breadcrumbs_separator_color":"","ocean_breadcrumbs_links_color":"","ocean_breadcrumbs_links_hover_color":"","ocean_display_footer_widgets":"default","ocean_display_footer_bottom":"default","ocean_custom_footer_template":"0","footnotes":""},"class_list":["post-1937","page","type-page","status-publish","hentry","entry"],"yoast_head":"<!-- This site is optimized with the Yoast SEO plugin v27.5 - https:\/\/yoast.com\/product\/yoast-seo-wordpress\/ -->\n<title>Informativa - Vini Tonon<\/title>\n<meta name=\"robots\" content=\"index, follow, max-snippet:-1, max-image-preview:large, max-video-preview:-1\" \/>\n<link rel=\"canonical\" href=\"https:\/\/vinitonon.it\/de\/informativa\/\" \/>\n<meta property=\"og:locale\" content=\"de_DE\" \/>\n<meta property=\"og:type\" content=\"article\" \/>\n<meta property=\"og:title\" content=\"Informativa - Vini Tonon\" \/>\n<meta property=\"og:description\" content=\"IT EN DE Informationsschrift gem\u00e4\u00df Art. 13 der italienischen Gesetzesverordnung D.Lgs 196\/2003 und gem\u00e4\u00df den Artikeln 13-14 EU-Verordnung 2016\/679 Die durch das Ausf\u00fcllen dieses Formulars \u00fcbermittelten Daten werden auf Papier und elektronisch verarbeitet. Ihre Daten werden ausschlie\u00dflich zur Beantwortung Ihrer Anfrage verwendet. Die Bereitstellung der Daten und die Einwilligung zur Verarbeitung sind zwingend erforderlich, weil [&hellip;]\" \/>\n<meta property=\"og:url\" content=\"https:\/\/vinitonon.it\/de\/informativa\/\" \/>\n<meta property=\"og:site_name\" content=\"Vini Tonon\" \/>\n<meta property=\"article:modified_time\" content=\"2024-11-28T11:03:02+00:00\" \/>\n<meta name=\"twitter:card\" content=\"summary_large_image\" \/>\n<meta name=\"twitter:label1\" content=\"Est. reading time\" \/>\n\t<meta name=\"twitter:data1\" content=\"2 minutes\" \/>\n<script type=\"application\/ld+json\" class=\"yoast-schema-graph\">{\"@context\":\"https:\\\/\\\/schema.org\",\"@graph\":[{\"@type\":\"WebPage\",\"@id\":\"https:\\\/\\\/vinitonon.it\\\/de\\\/informativa\\\/\",\"url\":\"https:\\\/\\\/vinitonon.it\\\/de\\\/informativa\\\/\",\"name\":\"Informativa - Vini Tonon\",\"isPartOf\":{\"@id\":\"https:\\\/\\\/vinitonon.it\\\/#website\"},\"datePublished\":\"2021-09-02T14:56:09+00:00\",\"dateModified\":\"2024-11-28T11:03:02+00:00\",\"breadcrumb\":{\"@id\":\"https:\\\/\\\/vinitonon.it\\\/de\\\/informativa\\\/#breadcrumb\"},\"inLanguage\":\"de-DE\",\"potentialAction\":[{\"@type\":\"ReadAction\",\"target\":[\"https:\\\/\\\/vinitonon.it\\\/de\\\/informativa\\\/\"]}]},{\"@type\":\"BreadcrumbList\",\"@id\":\"https:\\\/\\\/vinitonon.it\\\/de\\\/informativa\\\/#breadcrumb\",\"itemListElement\":[{\"@type\":\"ListItem\",\"position\":1,\"name\":\"Home\",\"item\":\"https:\\\/\\\/vinitonon.it\\\/\"},{\"@type\":\"ListItem\",\"position\":2,\"name\":\"Informativa\"}]},{\"@type\":\"WebSite\",\"@id\":\"https:\\\/\\\/vinitonon.it\\\/#website\",\"url\":\"https:\\\/\\\/vinitonon.it\\\/\",\"name\":\"Vini Tonon\",\"description\":\"\",\"publisher\":{\"@id\":\"https:\\\/\\\/vinitonon.it\\\/#organization\"},\"potentialAction\":[{\"@type\":\"SearchAction\",\"target\":{\"@type\":\"EntryPoint\",\"urlTemplate\":\"https:\\\/\\\/vinitonon.it\\\/?s={search_term_string}\"},\"query-input\":{\"@type\":\"PropertyValueSpecification\",\"valueRequired\":true,\"valueName\":\"search_term_string\"}}],\"inLanguage\":\"de-DE\"},{\"@type\":\"Organization\",\"@id\":\"https:\\\/\\\/vinitonon.it\\\/#organization\",\"name\":\"Vini tonon\",\"url\":\"https:\\\/\\\/vinitonon.it\\\/\",\"logo\":{\"@type\":\"ImageObject\",\"inLanguage\":\"de-DE\",\"@id\":\"https:\\\/\\\/vinitonon.it\\\/#\\\/schema\\\/logo\\\/image\\\/\",\"url\":\"https:\\\/\\\/vinitonon.it\\\/wp-content\\\/uploads\\\/2021\\\/05\\\/marchio-Tonon.jpg\",\"contentUrl\":\"https:\\\/\\\/vinitonon.it\\\/wp-content\\\/uploads\\\/2021\\\/05\\\/marchio-Tonon.jpg\",\"width\":258,\"height\":220,\"caption\":\"Vini tonon\"},\"image\":{\"@id\":\"https:\\\/\\\/vinitonon.it\\\/#\\\/schema\\\/logo\\\/image\\\/\"}}]}<\/script>\n<!-- \/ Yoast SEO plugin. -->","yoast_head_json":{"title":"Informativa - Vini Tonon","robots":{"index":"index","follow":"follow","max-snippet":"max-snippet:-1","max-image-preview":"max-image-preview:large","max-video-preview":"max-video-preview:-1"},"canonical":"https:\/\/vinitonon.it\/de\/informativa\/","og_locale":"de_DE","og_type":"article","og_title":"Informativa - Vini Tonon","og_description":"IT EN DE Informationsschrift gem\u00e4\u00df Art. 13 der italienischen Gesetzesverordnung D.Lgs 196\/2003 und gem\u00e4\u00df den Artikeln 13-14 EU-Verordnung 2016\/679 Die durch das Ausf\u00fcllen dieses Formulars \u00fcbermittelten Daten werden auf Papier und elektronisch verarbeitet. Ihre Daten werden ausschlie\u00dflich zur Beantwortung Ihrer Anfrage verwendet. Die Bereitstellung der Daten und die Einwilligung zur Verarbeitung sind zwingend erforderlich, weil [&hellip;]","og_url":"https:\/\/vinitonon.it\/de\/informativa\/","og_site_name":"Vini Tonon","article_modified_time":"2024-11-28T11:03:02+00:00","twitter_card":"summary_large_image","twitter_misc":{"Est. reading time":"2 minutes"},"schema":{"@context":"https:\/\/schema.org","@graph":[{"@type":"WebPage","@id":"https:\/\/vinitonon.it\/de\/informativa\/","url":"https:\/\/vinitonon.it\/de\/informativa\/","name":"Informativa - Vini Tonon","isPartOf":{"@id":"https:\/\/vinitonon.it\/#website"},"datePublished":"2021-09-02T14:56:09+00:00","dateModified":"2024-11-28T11:03:02+00:00","breadcrumb":{"@id":"https:\/\/vinitonon.it\/de\/informativa\/#breadcrumb"},"inLanguage":"de-DE","potentialAction":[{"@type":"ReadAction","target":["https:\/\/vinitonon.it\/de\/informativa\/"]}]},{"@type":"BreadcrumbList","@id":"https:\/\/vinitonon.it\/de\/informativa\/#breadcrumb","itemListElement":[{"@type":"ListItem","position":1,"name":"Home","item":"https:\/\/vinitonon.it\/"},{"@type":"ListItem","position":2,"name":"Informativa"}]},{"@type":"WebSite","@id":"https:\/\/vinitonon.it\/#website","url":"https:\/\/vinitonon.it\/","name":"Vini Tonon","description":"","publisher":{"@id":"https:\/\/vinitonon.it\/#organization"},"potentialAction":[{"@type":"SearchAction","target":{"@type":"EntryPoint","urlTemplate":"https:\/\/vinitonon.it\/?s={search_term_string}"},"query-input":{"@type":"PropertyValueSpecification","valueRequired":true,"valueName":"search_term_string"}}],"inLanguage":"de-DE"},{"@type":"Organization","@id":"https:\/\/vinitonon.it\/#organization","name":"Vini tonon","url":"https:\/\/vinitonon.it\/","logo":{"@type":"ImageObject","inLanguage":"de-DE","@id":"https:\/\/vinitonon.it\/#\/schema\/logo\/image\/","url":"https:\/\/vinitonon.it\/wp-content\/uploads\/2021\/05\/marchio-Tonon.jpg","contentUrl":"https:\/\/vinitonon.it\/wp-content\/uploads\/2021\/05\/marchio-Tonon.jpg","width":258,"height":220,"caption":"Vini tonon"},"image":{"@id":"https:\/\/vinitonon.it\/#\/schema\/logo\/image\/"}}]}},"_links":{"self":[{"href":"https:\/\/vinitonon.it\/de\/wp-json\/wp\/v2\/pages\/1937","targetHints":{"allow":["GET"]}}],"collection":[{"href":"https:\/\/vinitonon.it\/de\/wp-json\/wp\/v2\/pages"}],"about":[{"href":"https:\/\/vinitonon.it\/de\/wp-json\/wp\/v2\/types\/page"}],"author":[{"embeddable":true,"href":"https:\/\/vinitonon.it\/de\/wp-json\/wp\/v2\/users\/1"}],"replies":[{"embeddable":true,"href":"https:\/\/vinitonon.it\/de\/wp-json\/wp\/v2\/comments?post=1937"}],"version-history":[{"count":8,"href":"https:\/\/vinitonon.it\/de\/wp-json\/wp\/v2\/pages\/1937\/revisions"}],"predecessor-version":[{"id":4416,"href":"https:\/\/vinitonon.it\/de\/wp-json\/wp\/v2\/pages\/1937\/revisions\/4416"}],"wp:attachment":[{"href":"https:\/\/vinitonon.it\/de\/wp-json\/wp\/v2\/media?parent=1937"}],"curies":[{"name":"wp","href":"https:\/\/api.w.org\/{rel}","templated":true}]}}