{"id":1931,"date":"2021-09-02T16:54:44","date_gmt":"2021-09-02T14:54:44","guid":{"rendered":"https:\/\/www.vinitonon.it\/info-legali\/"},"modified":"2024-11-28T12:02:55","modified_gmt":"2024-11-28T11:02:55","slug":"info-legali","status":"publish","type":"page","link":"https:\/\/vinitonon.it\/de\/info-legali\/","title":{"rendered":"Info legali"},"content":{"rendered":"\t\t<div data-elementor-type=\"wp-page\" data-elementor-id=\"1931\" class=\"elementor elementor-1931 elementor-1877\" data-elementor-post-type=\"page\">\n\t\t\t\t\t\t<section class=\"elementor-section elementor-top-section elementor-element elementor-element-ca1c155 elementor-section-full_width elementor-section-height-min-height elementor-section-content-bottom elementor-hidden-tablet elementor-hidden-mobile elementor-section-height-default elementor-section-items-middle\" data-id=\"ca1c155\" data-element_type=\"section\" data-e-type=\"section\" data-settings=\"{&quot;background_background&quot;:&quot;classic&quot;}\">\n\t\t\t\t\t\t<div class=\"elementor-container elementor-column-gap-no\">\n\t\t\t\t\t<div class=\"elementor-column elementor-col-100 elementor-top-column elementor-element elementor-element-f51ea5f\" data-id=\"f51ea5f\" data-element_type=\"column\" data-e-type=\"column\">\n\t\t\t<div class=\"elementor-widget-wrap elementor-element-populated\">\n\t\t\t\t\t\t<section class=\"elementor-section elementor-inner-section elementor-element elementor-element-9c5c874 elementor-section-content-bottom elementor-section-boxed elementor-section-height-default elementor-section-height-default\" data-id=\"9c5c874\" data-element_type=\"section\" data-e-type=\"section\">\n\t\t\t\t\t\t<div class=\"elementor-container elementor-column-gap-default\">\n\t\t\t\t\t<div class=\"elementor-column elementor-col-50 elementor-inner-column elementor-element elementor-element-a341f59\" data-id=\"a341f59\" data-element_type=\"column\" data-e-type=\"column\">\n\t\t\t<div class=\"elementor-widget-wrap elementor-element-populated\">\n\t\t\t\t\t\t<div class=\"elementor-element elementor-element-be9dc50 lingue elementor-absolute elementor-widget elementor-widget-wpml-language-switcher\" data-id=\"be9dc50\" data-element_type=\"widget\" data-e-type=\"widget\" data-settings=\"{&quot;_position&quot;:&quot;absolute&quot;}\" data-widget_type=\"wpml-language-switcher.default\">\n\t\t\t\t<div class=\"elementor-widget-container\">\n\t\t\t\t\t<div class=\"wpml-elementor-ls\">\n<div role=\"navigation\" aria-label=\"Sprachwechsler\" class=\"wpml-ls-statics-shortcode_actions wpml-ls wpml-ls-legacy-list-horizontal\">\n\t<ul><li class=\"wpml-ls-slot-shortcode_actions wpml-ls-item wpml-ls-item-it wpml-ls-first-item wpml-ls-item-legacy-list-horizontal\">\n\t\t\t\t<a href=\"https:\/\/vinitonon.it\/\" hreflang=\"it\" lang=\"it\" class=\"wpml-ls-link\" aria-label=\"Wechseln zu IT\" title=\"Wechseln zu IT\">\n\t\t\t\t\t<span class=\"wpml-ls-display\">IT<\/span><\/a>\n\t\t\t<\/li><li class=\"wpml-ls-slot-shortcode_actions wpml-ls-item wpml-ls-item-en wpml-ls-item-legacy-list-horizontal\">\n\t\t\t\t<a href=\"https:\/\/vinitonon.it\/en\/\" hreflang=\"en\" lang=\"en\" class=\"wpml-ls-link\" aria-label=\"Wechseln zu EN\" title=\"Wechseln zu EN\">\n\t\t\t\t\t<span class=\"wpml-ls-display\">EN<\/span><\/a>\n\t\t\t<\/li><li class=\"wpml-ls-slot-shortcode_actions wpml-ls-item wpml-ls-item-de wpml-ls-current-language wpml-ls-last-item wpml-ls-item-legacy-list-horizontal\">\n\t\t\t\t<a href=\"https:\/\/vinitonon.it\/de\/\" hreflang=\"de\" lang=\"de\" class=\"wpml-ls-link\" aria-current=\"page\" aria-label=\"Wechseln zu DE\" title=\"Wechseln zu DE\">\n\t\t\t\t\t<span class=\"wpml-ls-native\">DE<\/span><\/a>\n\t\t\t<\/li><\/ul>\n<\/div>\n<\/div>\t\t\t\t<\/div>\n\t\t\t\t<\/div>\n\t\t\t\t\t<\/div>\n\t\t<\/div>\n\t\t\t\t<div class=\"elementor-column elementor-col-50 elementor-inner-column elementor-element elementor-element-5937d88\" data-id=\"5937d88\" data-element_type=\"column\" data-e-type=\"column\">\n\t\t\t<div class=\"elementor-widget-wrap elementor-element-populated\">\n\t\t\t\t\t\t<div class=\"elementor-element elementor-element-2a32499 elementor-invisible elementor-widget elementor-widget-heading\" data-id=\"2a32499\" data-element_type=\"widget\" data-e-type=\"widget\" data-settings=\"{&quot;_animation&quot;:&quot;fadeInLeft&quot;}\" data-widget_type=\"heading.default\">\n\t\t\t\t<div class=\"elementor-widget-container\">\n\t\t\t\t\t<h1 class=\"elementor-heading-title elementor-size-default\">Info legali<\/h1>\t\t\t\t<\/div>\n\t\t\t\t<\/div>\n\t\t\t\t\t<\/div>\n\t\t<\/div>\n\t\t\t\t\t<\/div>\n\t\t<\/section>\n\t\t\t\t\t<\/div>\n\t\t<\/div>\n\t\t\t\t\t<\/div>\n\t\t<\/section>\n\t\t\t\t<section class=\"elementor-section elementor-top-section elementor-element elementor-element-f8bebd8 elementor-hidden-desktop elementor-section-boxed elementor-section-height-default elementor-section-height-default\" data-id=\"f8bebd8\" data-element_type=\"section\" data-e-type=\"section\" data-settings=\"{&quot;background_background&quot;:&quot;classic&quot;}\">\n\t\t\t\t\t\t<div class=\"elementor-container elementor-column-gap-default\">\n\t\t\t\t\t<div class=\"elementor-column elementor-col-100 elementor-top-column elementor-element elementor-element-3486add\" data-id=\"3486add\" data-element_type=\"column\" data-e-type=\"column\">\n\t\t\t<div class=\"elementor-widget-wrap elementor-element-populated\">\n\t\t\t\t\t\t<div class=\"elementor-element elementor-element-a9ed93a elementor-widget elementor-widget-heading\" data-id=\"a9ed93a\" data-element_type=\"widget\" data-e-type=\"widget\" data-widget_type=\"heading.default\">\n\t\t\t\t<div class=\"elementor-widget-container\">\n\t\t\t\t\t<h2 class=\"elementor-heading-title elementor-size-default\">Info legali<\/h2>\t\t\t\t<\/div>\n\t\t\t\t<\/div>\n\t\t\t\t\t<\/div>\n\t\t<\/div>\n\t\t\t\t\t<\/div>\n\t\t<\/section>\n\t\t\t\t<section class=\"elementor-section elementor-top-section elementor-element elementor-element-8831ead elementor-section-height-min-height elementor-section-boxed elementor-section-height-default elementor-section-items-middle\" data-id=\"8831ead\" data-element_type=\"section\" data-e-type=\"section\">\n\t\t\t\t\t\t\t<div class=\"elementor-background-overlay\"><\/div>\n\t\t\t\t\t\t\t<div class=\"elementor-container elementor-column-gap-default\">\n\t\t\t\t\t<div class=\"elementor-column elementor-col-100 elementor-top-column elementor-element elementor-element-5628d58\" data-id=\"5628d58\" data-element_type=\"column\" data-e-type=\"column\">\n\t\t\t<div class=\"elementor-widget-wrap elementor-element-populated\">\n\t\t\t\t\t\t<div class=\"elementor-element elementor-element-277036d elementor-widget elementor-widget-text-editor\" data-id=\"277036d\" data-element_type=\"widget\" data-e-type=\"widget\" data-widget_type=\"text-editor.default\">\n\t\t\t\t<div class=\"elementor-widget-container\">\n\t\t\t\t\t\t\t\t\t<p><strong>GESELLSCHAFTSDATEN<\/strong><\/p>\n<p>Gesellschaftsname: Vini Tonon SRL<br>Gesch\u00e4fts- und Betriebssitz: Vini Tonon SRL &#8211; Via Carpesica 1 31029 Vittorio Veneto (TV), Ita<br>Gesch\u00e4fts- und Betriebssitz: Vini Tonon SRL &#8211; Via Carpesica 1 31029 Vittorio Veneto (TV), Ita<br>Steuernummer: 01163440264<br>Umsatzsteuer-Identifikationsnummer: 01163440264<br>Handelsregisteramt: Treviso<br><span style=\"font-size: 16px; color: var( --e-global-color-8d718b9 );\">Capitale sociale (\u20ac 500.000)<\/span><\/p>\n<p><strong>INFORMATIONSSCHRIFTEN UND EINWILLIGUNGEN DES UNTERNEHMENS<\/strong><\/p>\n<p><strong>Vini Tonon SRL<\/strong><\/p>\n<p><a href=\"https:\/\/vinitonon.it\/de\/privacy-policy\/\" target=\"_blank\" rel=\"noopener\"><strong><u>Informationsschrift des Unternehmens zur Datenverarbeitung&nbsp;<\/u><\/strong>&nbsp;<em>(<\/em>https:\/\/vinitonon.it\/de\/privacy-policy\/)<br><\/a><a href=\"https:\/\/vinitonon.it\/de\/cookies\/\" target=\"_blank\" rel=\"noopener\"><strong><u>Einwilligung nach Aufkl\u00e4rung des Unternehmens \u00fcber die Datenverarbeitung&nbsp;<\/u><\/strong><em>(<\/em>https:\/\/vinitonon.it\/de\/cookie-policy\/)<br><\/a><\/p>\n<p><strong>HINWEISE ZU URHEBERRECHTEN UND EINGETRAGENEN WARENZEICHEN<\/strong><\/p>\n<p>Der gesamte Inhalt dieser Website wird von den Urheberrechten (copyright \u00a9) 2021 der Firma Vini Tonon SRLoder ihrer Zulieferer gesch\u00fctzt. Alle Rechte sind den Eigent\u00fcmern gesetzlich vorbehalten.<br>Gem\u00e4\u00df Art. 1, Absatz 1 des Gesetzesdekrets Nr. 72 vom 22. M\u00e4rz 2004, so wie durch das Umwandlungsgesetz Nr. 128 vom 21. Mai 2004 ge\u00e4ndert, erf\u00fcllen die auf dieser Website befindlichen Inhalte die Verpflichtungen, die sich aus der Gesetzgebung \u00fcber das Urheberrecht und den damit verbundenen Rechten ergeben.<br>Die Vervielf\u00e4ltigung, die Mitteilung an die \u00d6ffentlichkeit, die \u00f6ffentliche Zug\u00e4nglichmachung, die Vermietung und der Verleih, die \u00f6ffentliche Ausf\u00fchrung und Verbreitung sind ohne Zustimmung des Inhabers der Rechte verboten.<\/p>\n<p>Verst\u00f6\u00dfe unterliegen den Sanktionen der Artikel 171, 171-bis, 171-ter, 174-bis und 174-ter des Gesetzes 633\/1941.<br>Gem\u00e4\u00df Art. 5 des Gesetzes Nr. 633 vom 22. April 1941 \u00fcber den Schutz des Urheberrechts, unterliegen<br>die Texte offizieller Dokumente des Staates und der \u00f6ffentlichen Verwaltungen, sowohl in Italien als auch im Ausland, nicht dem Urheberrecht.<br>Das angegebene Copyright bezieht sich auf die Verarbeitung und Darstellungsform der Texte selbst.<\/p>\n<p>Vermeintliche Urheberrechtsverletzungen<\/p>\n<p>Diese Mitteilungen m\u00fcssen schriftlich erfolgen und an die nachstehende Adresse, Faxnummer oder E-Mail-Adresse des zust\u00e4ndigen Vertreters von<br>Vini Tonon SRLgesendet werden:<\/p>\n<p>Gesellschaftsname: Vini Tonon SRL &#8211; Via Carpesica 1 31029 Vittorio Veneto (TV), Ita<br>Gesch\u00e4fts- und Betriebssitz: Vini Tonon SRL &#8211; Via Carpesica 1 31029 Vittorio Veneto (TV), Ita<br>Phone: +39 0438 920004&nbsp;<br>eM.&nbsp;<a href=\"mailto:info@vinitonon.com\">info@vinitonon.com<\/a><\/p>\t\t\t\t\t\t\t\t<\/div>\n\t\t\t\t<\/div>\n\t\t\t\t\t<\/div>\n\t\t<\/div>\n\t\t\t\t\t<\/div>\n\t\t<\/section>\n\t\t\t\t<\/div>\n\t\t","protected":false},"excerpt":{"rendered":"<p>IT EN DE Info legali GESELLSCHAFTSDATEN Gesellschaftsname: Vini Tonon SRLGesch\u00e4fts- und Betriebssitz: Vini Tonon SRL &#8211; Via Carpesica 1 31029 Vittorio Veneto (TV), ItaGesch\u00e4fts- und Betriebssitz: Vini Tonon SRL &#8211; Via Carpesica 1 31029 Vittorio Veneto (TV), ItaSteuernummer: 01163440264Umsatzsteuer-Identifikationsnummer: 01163440264Handelsregisteramt: TrevisoCapitale sociale (\u20ac 500.000) INFORMATIONSSCHRIFTEN UND EINWILLIGUNGEN DES UNTERNEHMENS Vini Tonon SRL Informationsschrift des Unternehmens [&hellip;]<\/p>\n","protected":false},"author":1,"featured_media":0,"parent":0,"menu_order":0,"comment_status":"closed","ping_status":"closed","template":"elementor_header_footer","meta":{"ocean_post_layout":"","ocean_both_sidebars_style":"","ocean_both_sidebars_content_width":0,"ocean_both_sidebars_sidebars_width":0,"ocean_sidebar":"0","ocean_second_sidebar":"0","ocean_disable_margins":"enable","ocean_add_body_class":"","ocean_shortcode_before_top_bar":"","ocean_shortcode_after_top_bar":"","ocean_shortcode_before_header":"","ocean_shortcode_after_header":"","ocean_has_shortcode":"","ocean_shortcode_after_title":"","ocean_shortcode_before_footer_widgets":"","ocean_shortcode_after_footer_widgets":"","ocean_shortcode_before_footer_bottom":"","ocean_shortcode_after_footer_bottom":"","ocean_display_top_bar":"default","ocean_display_header":"default","ocean_header_style":"","ocean_center_header_left_menu":"0","ocean_custom_header_template":"0","ocean_custom_logo":0,"ocean_custom_retina_logo":0,"ocean_custom_logo_max_width":0,"ocean_custom_logo_tablet_max_width":0,"ocean_custom_logo_mobile_max_width":0,"ocean_custom_logo_max_height":0,"ocean_custom_logo_tablet_max_height":0,"ocean_custom_logo_mobile_max_height":0,"ocean_header_custom_menu":"0","ocean_menu_typo_font_family":"0","ocean_menu_typo_font_subset":"","ocean_menu_typo_font_size":0,"ocean_menu_typo_font_size_tablet":0,"ocean_menu_typo_font_size_mobile":0,"ocean_menu_typo_font_size_unit":"px","ocean_menu_typo_font_weight":"","ocean_menu_typo_font_weight_tablet":"","ocean_menu_typo_font_weight_mobile":"","ocean_menu_typo_transform":"","ocean_menu_typo_transform_tablet":"","ocean_menu_typo_transform_mobile":"","ocean_menu_typo_line_height":0,"ocean_menu_typo_line_height_tablet":0,"ocean_menu_typo_line_height_mobile":0,"ocean_menu_typo_line_height_unit":"","ocean_menu_typo_spacing":0,"ocean_menu_typo_spacing_tablet":0,"ocean_menu_typo_spacing_mobile":0,"ocean_menu_typo_spacing_unit":"","ocean_menu_link_color":"","ocean_menu_link_color_hover":"","ocean_menu_link_color_active":"","ocean_menu_link_background":"","ocean_menu_link_hover_background":"","ocean_menu_link_active_background":"","ocean_menu_social_links_bg":"","ocean_menu_social_hover_links_bg":"","ocean_menu_social_links_color":"","ocean_menu_social_hover_links_color":"","ocean_disable_title":"default","ocean_disable_heading":"default","ocean_post_title":"","ocean_post_subheading":"","ocean_post_title_style":"","ocean_post_title_background_color":"","ocean_post_title_background":0,"ocean_post_title_bg_image_position":"","ocean_post_title_bg_image_attachment":"","ocean_post_title_bg_image_repeat":"","ocean_post_title_bg_image_size":"","ocean_post_title_height":0,"ocean_post_title_bg_overlay":0.5,"ocean_post_title_bg_overlay_color":"","ocean_disable_breadcrumbs":"default","ocean_breadcrumbs_color":"","ocean_breadcrumbs_separator_color":"","ocean_breadcrumbs_links_color":"","ocean_breadcrumbs_links_hover_color":"","ocean_display_footer_widgets":"default","ocean_display_footer_bottom":"default","ocean_custom_footer_template":"0","footnotes":""},"class_list":["post-1931","page","type-page","status-publish","hentry","entry"],"yoast_head":"<!-- This site is optimized with the Yoast SEO plugin v27.4 - https:\/\/yoast.com\/product\/yoast-seo-wordpress\/ -->\n<title>Info legali - Vini Tonon<\/title>\n<meta name=\"robots\" content=\"index, follow, max-snippet:-1, max-image-preview:large, max-video-preview:-1\" \/>\n<link rel=\"canonical\" href=\"https:\/\/vinitonon.it\/de\/info-legali\/\" \/>\n<meta property=\"og:locale\" content=\"de_DE\" \/>\n<meta property=\"og:type\" content=\"article\" \/>\n<meta property=\"og:title\" content=\"Info legali - Vini Tonon\" \/>\n<meta property=\"og:description\" content=\"IT EN DE Info legali GESELLSCHAFTSDATEN Gesellschaftsname: Vini Tonon SRLGesch\u00e4fts- und Betriebssitz: Vini Tonon SRL &#8211; Via Carpesica 1 31029 Vittorio Veneto (TV), ItaGesch\u00e4fts- und Betriebssitz: Vini Tonon SRL &#8211; Via Carpesica 1 31029 Vittorio Veneto (TV), ItaSteuernummer: 01163440264Umsatzsteuer-Identifikationsnummer: 01163440264Handelsregisteramt: TrevisoCapitale sociale (\u20ac 500.000) INFORMATIONSSCHRIFTEN UND EINWILLIGUNGEN DES UNTERNEHMENS Vini Tonon SRL Informationsschrift des Unternehmens [&hellip;]\" \/>\n<meta property=\"og:url\" content=\"https:\/\/vinitonon.it\/de\/info-legali\/\" \/>\n<meta property=\"og:site_name\" content=\"Vini Tonon\" \/>\n<meta property=\"article:modified_time\" content=\"2024-11-28T11:02:55+00:00\" \/>\n<meta name=\"twitter:card\" content=\"summary_large_image\" \/>\n<meta name=\"twitter:label1\" content=\"Est. reading time\" \/>\n\t<meta name=\"twitter:data1\" content=\"2 minutes\" \/>\n<script type=\"application\/ld+json\" class=\"yoast-schema-graph\">{\"@context\":\"https:\\\/\\\/schema.org\",\"@graph\":[{\"@type\":\"WebPage\",\"@id\":\"https:\\\/\\\/vinitonon.it\\\/de\\\/info-legali\\\/\",\"url\":\"https:\\\/\\\/vinitonon.it\\\/de\\\/info-legali\\\/\",\"name\":\"Info legali - Vini Tonon\",\"isPartOf\":{\"@id\":\"https:\\\/\\\/vinitonon.it\\\/#website\"},\"datePublished\":\"2021-09-02T14:54:44+00:00\",\"dateModified\":\"2024-11-28T11:02:55+00:00\",\"breadcrumb\":{\"@id\":\"https:\\\/\\\/vinitonon.it\\\/de\\\/info-legali\\\/#breadcrumb\"},\"inLanguage\":\"de-DE\",\"potentialAction\":[{\"@type\":\"ReadAction\",\"target\":[\"https:\\\/\\\/vinitonon.it\\\/de\\\/info-legali\\\/\"]}]},{\"@type\":\"BreadcrumbList\",\"@id\":\"https:\\\/\\\/vinitonon.it\\\/de\\\/info-legali\\\/#breadcrumb\",\"itemListElement\":[{\"@type\":\"ListItem\",\"position\":1,\"name\":\"Home\",\"item\":\"https:\\\/\\\/vinitonon.it\\\/\"},{\"@type\":\"ListItem\",\"position\":2,\"name\":\"Info legali\"}]},{\"@type\":\"WebSite\",\"@id\":\"https:\\\/\\\/vinitonon.it\\\/#website\",\"url\":\"https:\\\/\\\/vinitonon.it\\\/\",\"name\":\"Vini Tonon\",\"description\":\"\",\"publisher\":{\"@id\":\"https:\\\/\\\/vinitonon.it\\\/#organization\"},\"potentialAction\":[{\"@type\":\"SearchAction\",\"target\":{\"@type\":\"EntryPoint\",\"urlTemplate\":\"https:\\\/\\\/vinitonon.it\\\/?s={search_term_string}\"},\"query-input\":{\"@type\":\"PropertyValueSpecification\",\"valueRequired\":true,\"valueName\":\"search_term_string\"}}],\"inLanguage\":\"de-DE\"},{\"@type\":\"Organization\",\"@id\":\"https:\\\/\\\/vinitonon.it\\\/#organization\",\"name\":\"Vini tonon\",\"url\":\"https:\\\/\\\/vinitonon.it\\\/\",\"logo\":{\"@type\":\"ImageObject\",\"inLanguage\":\"de-DE\",\"@id\":\"https:\\\/\\\/vinitonon.it\\\/#\\\/schema\\\/logo\\\/image\\\/\",\"url\":\"https:\\\/\\\/vinitonon.it\\\/wp-content\\\/uploads\\\/2021\\\/05\\\/marchio-Tonon.jpg\",\"contentUrl\":\"https:\\\/\\\/vinitonon.it\\\/wp-content\\\/uploads\\\/2021\\\/05\\\/marchio-Tonon.jpg\",\"width\":258,\"height\":220,\"caption\":\"Vini tonon\"},\"image\":{\"@id\":\"https:\\\/\\\/vinitonon.it\\\/#\\\/schema\\\/logo\\\/image\\\/\"}}]}<\/script>\n<!-- \/ Yoast SEO plugin. -->","yoast_head_json":{"title":"Info legali - Vini Tonon","robots":{"index":"index","follow":"follow","max-snippet":"max-snippet:-1","max-image-preview":"max-image-preview:large","max-video-preview":"max-video-preview:-1"},"canonical":"https:\/\/vinitonon.it\/de\/info-legali\/","og_locale":"de_DE","og_type":"article","og_title":"Info legali - Vini Tonon","og_description":"IT EN DE Info legali GESELLSCHAFTSDATEN Gesellschaftsname: Vini Tonon SRLGesch\u00e4fts- und Betriebssitz: Vini Tonon SRL &#8211; Via Carpesica 1 31029 Vittorio Veneto (TV), ItaGesch\u00e4fts- und Betriebssitz: Vini Tonon SRL &#8211; Via Carpesica 1 31029 Vittorio Veneto (TV), ItaSteuernummer: 01163440264Umsatzsteuer-Identifikationsnummer: 01163440264Handelsregisteramt: TrevisoCapitale sociale (\u20ac 500.000) INFORMATIONSSCHRIFTEN UND EINWILLIGUNGEN DES UNTERNEHMENS Vini Tonon SRL Informationsschrift des Unternehmens [&hellip;]","og_url":"https:\/\/vinitonon.it\/de\/info-legali\/","og_site_name":"Vini Tonon","article_modified_time":"2024-11-28T11:02:55+00:00","twitter_card":"summary_large_image","twitter_misc":{"Est. reading time":"2 minutes"},"schema":{"@context":"https:\/\/schema.org","@graph":[{"@type":"WebPage","@id":"https:\/\/vinitonon.it\/de\/info-legali\/","url":"https:\/\/vinitonon.it\/de\/info-legali\/","name":"Info legali - Vini Tonon","isPartOf":{"@id":"https:\/\/vinitonon.it\/#website"},"datePublished":"2021-09-02T14:54:44+00:00","dateModified":"2024-11-28T11:02:55+00:00","breadcrumb":{"@id":"https:\/\/vinitonon.it\/de\/info-legali\/#breadcrumb"},"inLanguage":"de-DE","potentialAction":[{"@type":"ReadAction","target":["https:\/\/vinitonon.it\/de\/info-legali\/"]}]},{"@type":"BreadcrumbList","@id":"https:\/\/vinitonon.it\/de\/info-legali\/#breadcrumb","itemListElement":[{"@type":"ListItem","position":1,"name":"Home","item":"https:\/\/vinitonon.it\/"},{"@type":"ListItem","position":2,"name":"Info legali"}]},{"@type":"WebSite","@id":"https:\/\/vinitonon.it\/#website","url":"https:\/\/vinitonon.it\/","name":"Vini Tonon","description":"","publisher":{"@id":"https:\/\/vinitonon.it\/#organization"},"potentialAction":[{"@type":"SearchAction","target":{"@type":"EntryPoint","urlTemplate":"https:\/\/vinitonon.it\/?s={search_term_string}"},"query-input":{"@type":"PropertyValueSpecification","valueRequired":true,"valueName":"search_term_string"}}],"inLanguage":"de-DE"},{"@type":"Organization","@id":"https:\/\/vinitonon.it\/#organization","name":"Vini tonon","url":"https:\/\/vinitonon.it\/","logo":{"@type":"ImageObject","inLanguage":"de-DE","@id":"https:\/\/vinitonon.it\/#\/schema\/logo\/image\/","url":"https:\/\/vinitonon.it\/wp-content\/uploads\/2021\/05\/marchio-Tonon.jpg","contentUrl":"https:\/\/vinitonon.it\/wp-content\/uploads\/2021\/05\/marchio-Tonon.jpg","width":258,"height":220,"caption":"Vini tonon"},"image":{"@id":"https:\/\/vinitonon.it\/#\/schema\/logo\/image\/"}}]}},"_links":{"self":[{"href":"https:\/\/vinitonon.it\/de\/wp-json\/wp\/v2\/pages\/1931","targetHints":{"allow":["GET"]}}],"collection":[{"href":"https:\/\/vinitonon.it\/de\/wp-json\/wp\/v2\/pages"}],"about":[{"href":"https:\/\/vinitonon.it\/de\/wp-json\/wp\/v2\/types\/page"}],"author":[{"embeddable":true,"href":"https:\/\/vinitonon.it\/de\/wp-json\/wp\/v2\/users\/1"}],"replies":[{"embeddable":true,"href":"https:\/\/vinitonon.it\/de\/wp-json\/wp\/v2\/comments?post=1931"}],"version-history":[{"count":11,"href":"https:\/\/vinitonon.it\/de\/wp-json\/wp\/v2\/pages\/1931\/revisions"}],"predecessor-version":[{"id":4413,"href":"https:\/\/vinitonon.it\/de\/wp-json\/wp\/v2\/pages\/1931\/revisions\/4413"}],"wp:attachment":[{"href":"https:\/\/vinitonon.it\/de\/wp-json\/wp\/v2\/media?parent=1931"}],"curies":[{"name":"wp","href":"https:\/\/api.w.org\/{rel}","templated":true}]}}